{"id":104,"date":"2023-11-16T16:44:15","date_gmt":"2023-11-16T15:44:15","guid":{"rendered":"http:\/\/www.fms-stassfurt.de\/newpage\/?page_id=104"},"modified":"2024-09-17T13:05:47","modified_gmt":"2024-09-17T11:05:47","slug":"autofarm","status":"publish","type":"page","link":"https:\/\/fms-stassfurt.de\/?page_id=104","title":{"rendered":"Landtechnik"},"content":{"rendered":"<p><img loading=\"lazy\" decoding=\"async\" class=\"alignnone wp-image-64 size-full\" style=\"border-radius: 15px; border: 2px solid #9F3B24;\" src=\"https:\/\/fms-stassfurt.de\/wp-content\/uploads\/2023\/11\/header04.jpg\" alt=\"\" width=\"1024\" height=\"332\" srcset=\"https:\/\/fms-stassfurt.de\/wp-content\/uploads\/2023\/11\/header04.jpg 1024w, https:\/\/fms-stassfurt.de\/wp-content\/uploads\/2023\/11\/header04-300x97.jpg 300w, https:\/\/fms-stassfurt.de\/wp-content\/uploads\/2023\/11\/header04-768x249.jpg 768w\" sizes=\"auto, (max-width: 1024px) 100vw, 1024px\" \/><\/p>\n<p><strong>Unser Angebotsprogramm:<\/strong><\/p>\n<div style=\"position: absolute; height: auto; width: 200px; left: 55%; top: 50%;\"><img loading=\"lazy\" decoding=\"async\" class=\"alignnone size-full wp-image-180\" style=\"border-radius: 15px; border: 2px solid #9F3B24;\" src=\"https:\/\/fms-stassfurt.de\/wp-content\/uploads\/2023\/11\/landtechnik-1.jpg\" alt=\"\" width=\"200\" height=\"300\" \/><\/div>\n<p>GPS- gest\u00fctzte Fahrsysteme<br \/>\nSchlepper<br \/>\nM\u00e4hdrescher<br \/>\nStrohpressen<br \/>\nFeldh\u00e4cksler<br \/>\nBodenbearbeitung<br \/>\nD\u00fcngerstreuer<br \/>\nFeldspritzen<br \/>\nS\u00e4h- und Pflanztechnik<br \/>\nStallausr\u00fcstung<br \/>\nGr\u00fcnlandtechnik<br \/>\nUmbau auf Pflanzen\u00f6lbetrieb<br \/>\nErsatzteile Original und Alternativ<\/p>\n","protected":false},"excerpt":{"rendered":"<p>Unser Angebotsprogramm: GPS- gest\u00fctzte Fahrsysteme Schlepper M\u00e4hdrescher Strohpressen Feldh\u00e4cksler Bodenbearbeitung D\u00fcngerstreuer Feldspritzen S\u00e4h- und Pflanztechnik Stallausr\u00fcstung Gr\u00fcnlandtechnik Umbau auf Pflanzen\u00f6lbetrieb Ersatzteile Original und Alternativ<\/p>\n","protected":false},"author":1,"featured_media":0,"parent":0,"menu_order":0,"comment_status":"closed","ping_status":"closed","template":"","meta":{"neve_meta_sidebar":"","neve_meta_container":"","neve_meta_enable_content_width":"off","neve_meta_content_width":100,"neve_meta_title_alignment":"","neve_meta_author_avatar":"","neve_post_elements_order":"","neve_meta_disable_header":"","neve_meta_disable_footer":"","neve_meta_disable_title":"","footnotes":""},"class_list":["post-104","page","type-page","status-publish","hentry"],"_links":{"self":[{"href":"https:\/\/fms-stassfurt.de\/index.php?rest_route=\/wp\/v2\/pages\/104","targetHints":{"allow":["GET"]}}],"collection":[{"href":"https:\/\/fms-stassfurt.de\/index.php?rest_route=\/wp\/v2\/pages"}],"about":[{"href":"https:\/\/fms-stassfurt.de\/index.php?rest_route=\/wp\/v2\/types\/page"}],"author":[{"embeddable":true,"href":"https:\/\/fms-stassfurt.de\/index.php?rest_route=\/wp\/v2\/users\/1"}],"replies":[{"embeddable":true,"href":"https:\/\/fms-stassfurt.de\/index.php?rest_route=%2Fwp%2Fv2%2Fcomments&post=104"}],"version-history":[{"count":21,"href":"https:\/\/fms-stassfurt.de\/index.php?rest_route=\/wp\/v2\/pages\/104\/revisions"}],"predecessor-version":[{"id":537,"href":"https:\/\/fms-stassfurt.de\/index.php?rest_route=\/wp\/v2\/pages\/104\/revisions\/537"}],"wp:attachment":[{"href":"https:\/\/fms-stassfurt.de\/index.php?rest_route=%2Fwp%2Fv2%2Fmedia&parent=104"}],"curies":[{"name":"wp","href":"https:\/\/api.w.org\/{rel}","templated":true}]}}