{"id":186,"date":"2023-11-22T09:36:03","date_gmt":"2023-11-22T08:36:03","guid":{"rendered":"http:\/\/www.fms-stassfurt.de\/newpage\/?page_id=186"},"modified":"2023-11-22T10:13:36","modified_gmt":"2023-11-22T09:13:36","slug":"autofarm-2","status":"publish","type":"page","link":"https:\/\/fms-stassfurt.de\/?page_id=186","title":{"rendered":"AutoFarm"},"content":{"rendered":"<p>&nbsp;<\/p>\n<p><strong>Autom. Spurf\u00fchrungssysteme:<\/strong><br \/>\nHohe Ertr\u00e4ge, geringe Kosten:<br \/>\n&#8222;Automatisches Lenken der Maschinen auf dem Acker bringt bis zu 7% Ersparnis an Zeit und Betriebsmitteln.&#8220;<\/p>\n<p>Wir bringen Sie auf die Spur. Durch satellitengesteuerte Pr\u00e4zision. Fahrspur f\u00fcr Fahrspur Arbeitszeit, Kraftstoff, Spritz- und D\u00fcngemittel sparen.<\/p>\n<p>AutoFarm Spurf\u00fchrungssysteme steigern auf gro\u00dfen Ackerbaubetrieben, aber auch auf pflegeintensiven Spezialbetrieben die Ertr\u00e4ge und senken die Nebenkosten. Doch auch f\u00fcr Lohnunternehmen ist der Einsatz von AutoFarm Spurf\u00fchrungssystemen interessant.<\/p>\n<p>Pflegearbeiten rund um die Uhr und unabh\u00e4ngig von Wetter- und Sichtverh\u00e4ltnissen sind kein Problem mehr, da der Traktor sicher gelenkt wird und der Fahrer sich voll auf die Anbauger\u00e4te konzentrieren kann. So k\u00f6nnen Traktor und Anbauger\u00e4te effektiv genutzt werden. Der Fahrer arbeitet entspannt und sicher. Fehlstellen, Auslassungen und \u00fcberlappungen werden vermieden. Jeder Zentimeter des Ackers wird genutzt. Spur f\u00fcr Spur.<\/p>\n<p>Vorteile der AutoFarm Spurf\u00fchrungssysteme:<\/p>\n<div style=\"position: absolute; height: auto; width: 350px; left: 50%; top: 59%;\">AutoFarm Live Video:<br \/>\n<iframe loading=\"lazy\" src=\"\/\/www.youtube.com\/embed\/o7IT6bN2QGM\" width=\"360\" height=\"215\" frameborder=\"0\" allowfullscreen=\"allowfullscreen\"><\/iframe><\/div>\n<p>Schnelle Einsatzbereitschaft ohne langwierige Schulung<br \/>\nEinfache Programmierung der Fahrspuren<br \/>\nAbrufbarkeit von Vorgegebenen Spurmustern<br \/>\nSystem mit individuell programmierbaren Konturfahrten<br \/>\ngro\u00dfes, \u00fcbersichtliches Bedienterminal<br \/>\nEinfache und leichte Men\u00fcf\u00fchrung<br \/>\nLeichte und individuelle Anpassung an alle Anbauger\u00e4te<\/p>\n","protected":false},"excerpt":{"rendered":"<p>&nbsp; Autom. Spurf\u00fchrungssysteme: Hohe Ertr\u00e4ge, geringe Kosten: &#8222;Automatisches Lenken der Maschinen auf dem Acker bringt bis zu 7% Ersparnis an Zeit und Betriebsmitteln.&#8220; Wir bringen Sie auf die Spur. Durch satellitengesteuerte Pr\u00e4zision. Fahrspur f\u00fcr Fahrspur Arbeitszeit, Kraftstoff, Spritz- und D\u00fcngemittel sparen. AutoFarm Spurf\u00fchrungssysteme steigern auf gro\u00dfen Ackerbaubetrieben, aber auch auf pflegeintensiven Spezialbetrieben die Ertr\u00e4ge und&hellip;&nbsp;<a href=\"https:\/\/fms-stassfurt.de\/?page_id=186\" rel=\"bookmark\">Weiterlesen &raquo;<span class=\"screen-reader-text\">AutoFarm<\/span><\/a><\/p>\n","protected":false},"author":1,"featured_media":0,"parent":0,"menu_order":0,"comment_status":"closed","ping_status":"closed","template":"","meta":{"neve_meta_sidebar":"","neve_meta_container":"","neve_meta_enable_content_width":"off","neve_meta_content_width":100,"neve_meta_title_alignment":"","neve_meta_author_avatar":"","neve_post_elements_order":"","neve_meta_disable_header":"","neve_meta_disable_footer":"","neve_meta_disable_title":"","footnotes":""},"class_list":["post-186","page","type-page","status-publish","hentry"],"_links":{"self":[{"href":"https:\/\/fms-stassfurt.de\/index.php?rest_route=\/wp\/v2\/pages\/186","targetHints":{"allow":["GET"]}}],"collection":[{"href":"https:\/\/fms-stassfurt.de\/index.php?rest_route=\/wp\/v2\/pages"}],"about":[{"href":"https:\/\/fms-stassfurt.de\/index.php?rest_route=\/wp\/v2\/types\/page"}],"author":[{"embeddable":true,"href":"https:\/\/fms-stassfurt.de\/index.php?rest_route=\/wp\/v2\/users\/1"}],"replies":[{"embeddable":true,"href":"https:\/\/fms-stassfurt.de\/index.php?rest_route=%2Fwp%2Fv2%2Fcomments&post=186"}],"version-history":[{"count":13,"href":"https:\/\/fms-stassfurt.de\/index.php?rest_route=\/wp\/v2\/pages\/186\/revisions"}],"predecessor-version":[{"id":202,"href":"https:\/\/fms-stassfurt.de\/index.php?rest_route=\/wp\/v2\/pages\/186\/revisions\/202"}],"wp:attachment":[{"href":"https:\/\/fms-stassfurt.de\/index.php?rest_route=%2Fwp%2Fv2%2Fmedia&parent=186"}],"curies":[{"name":"wp","href":"https:\/\/api.w.org\/{rel}","templated":true}]}}