{"id":205,"date":"2023-11-22T10:20:22","date_gmt":"2023-11-22T09:20:22","guid":{"rendered":"http:\/\/www.fms-stassfurt.de\/newpage\/?page_id=205"},"modified":"2024-09-17T13:07:25","modified_gmt":"2024-09-17T11:07:25","slug":"ag-leader","status":"publish","type":"page","link":"https:\/\/fms-stassfurt.de\/?page_id=205","title":{"rendered":"AG Leader"},"content":{"rendered":"<p>&nbsp;<\/p>\n<p><strong>AG Leader &#8211; Pr\u00e4zisionstechnologien f\u00fcr Sie :<\/strong><\/p>\n<p>Ag Leader ist einer der weltweit f\u00fchrenden Anbieter in der Pr\u00e4zisionslandwirtschaft. Hauptaugenmerk wird auf Produktivit\u00e4t, Auswertung der gesammelten Felddaten, Ertragssteigerung, Kostensenkung und Rentabilit\u00e4tserh\u00f6hung gelegt.<br \/>\nZum Produktprogramm von Ag Leader geh\u00f6ren:<\/p>\n<div style=\"position: absolute; height: auto; width: 350px; left: 55%; top: 40%;\"><img loading=\"lazy\" decoding=\"async\" class=\"alignnone size-full wp-image-206\" style=\"border-radius: 15px; border: 2px solid #9F3B24;\" src=\"https:\/\/fms-stassfurt.de\/wp-content\/uploads\/2023\/11\/agleader01.png\" alt=\"\" width=\"204\" height=\"142\" \/><br \/>\n<img loading=\"lazy\" decoding=\"async\" class=\"alignnone size-medium wp-image-207\" src=\"https:\/\/fms-stassfurt.de\/wp-content\/uploads\/2023\/11\/agleader02.png\" alt=\"\" width=\"204\" height=\"166\" \/><br \/>\n<a href=\"https:\/\/fms-stassfurt.de\/wp-content\/uploads\/2023\/11\/agleader.pdf\" target=\"_blank\" rel=\"noopener\">AGLEADER Dokumentation<\/a><\/div>\n<p>GPS gest\u00fctzte Lenksysteme<br \/>\nDisplays<br \/>\nautomatische Steuerungssysteme<br \/>\nLenkhilfen<br \/>\nSaatgut\u00fcberwachung<br \/>\nSicherheitspr\u00fcfung (SP)<br \/>\nD\u00fcngemittelkontrolle<br \/>\nErtrags\u00fcberwachung<\/p>\n<p><a href=\"https:\/\/www.agleader.com\/\" target=\"_blank\" rel=\"noopener\"><img loading=\"lazy\" decoding=\"async\" class=\"alignnone size-full wp-image-228\" src=\"https:\/\/fms-stassfurt.de\/wp-content\/uploads\/2023\/11\/agleader.png\" alt=\"\" width=\"146\" height=\"43\" \/><\/a><\/p>\n","protected":false},"excerpt":{"rendered":"<p>&nbsp; AG Leader &#8211; Pr\u00e4zisionstechnologien f\u00fcr Sie : Ag Leader ist einer der weltweit f\u00fchrenden Anbieter in der Pr\u00e4zisionslandwirtschaft. Hauptaugenmerk wird auf Produktivit\u00e4t, Auswertung der gesammelten Felddaten, Ertragssteigerung, Kostensenkung und Rentabilit\u00e4tserh\u00f6hung gelegt. Zum Produktprogramm von Ag Leader geh\u00f6ren: AGLEADER Dokumentation GPS gest\u00fctzte Lenksysteme Displays automatische Steuerungssysteme Lenkhilfen Saatgut\u00fcberwachung Sicherheitspr\u00fcfung (SP) D\u00fcngemittelkontrolle Ertrags\u00fcberwachung<\/p>\n","protected":false},"author":1,"featured_media":0,"parent":0,"menu_order":0,"comment_status":"closed","ping_status":"closed","template":"","meta":{"neve_meta_sidebar":"","neve_meta_container":"","neve_meta_enable_content_width":"off","neve_meta_content_width":100,"neve_meta_title_alignment":"","neve_meta_author_avatar":"","neve_post_elements_order":"","neve_meta_disable_header":"","neve_meta_disable_footer":"","neve_meta_disable_title":"","footnotes":""},"class_list":["post-205","page","type-page","status-publish","hentry"],"_links":{"self":[{"href":"https:\/\/fms-stassfurt.de\/index.php?rest_route=\/wp\/v2\/pages\/205","targetHints":{"allow":["GET"]}}],"collection":[{"href":"https:\/\/fms-stassfurt.de\/index.php?rest_route=\/wp\/v2\/pages"}],"about":[{"href":"https:\/\/fms-stassfurt.de\/index.php?rest_route=\/wp\/v2\/types\/page"}],"author":[{"embeddable":true,"href":"https:\/\/fms-stassfurt.de\/index.php?rest_route=\/wp\/v2\/users\/1"}],"replies":[{"embeddable":true,"href":"https:\/\/fms-stassfurt.de\/index.php?rest_route=%2Fwp%2Fv2%2Fcomments&post=205"}],"version-history":[{"count":12,"href":"https:\/\/fms-stassfurt.de\/index.php?rest_route=\/wp\/v2\/pages\/205\/revisions"}],"predecessor-version":[{"id":539,"href":"https:\/\/fms-stassfurt.de\/index.php?rest_route=\/wp\/v2\/pages\/205\/revisions\/539"}],"wp:attachment":[{"href":"https:\/\/fms-stassfurt.de\/index.php?rest_route=%2Fwp%2Fv2%2Fmedia&parent=205"}],"curies":[{"name":"wp","href":"https:\/\/api.w.org\/{rel}","templated":true}]}}