{"id":217,"date":"2023-11-22T10:30:43","date_gmt":"2023-11-22T09:30:43","guid":{"rendered":"http:\/\/www.fms-stassfurt.de\/newpage\/?page_id=217"},"modified":"2024-09-17T13:07:55","modified_gmt":"2024-09-17T11:07:55","slug":"autosteer","status":"publish","type":"page","link":"https:\/\/fms-stassfurt.de\/?page_id=217","title":{"rendered":"AutoSteer"},"content":{"rendered":"<p>&nbsp;<\/p>\n<p><strong>AutoSteer:<\/strong><\/p>\n<p>Genauer geht es nicht. Mit AutoSteer lenkt der Traktor automatisch innerhalb der individuell programmierten Fahrspuren. Wiederholbarkeit der Fahrspuren, Kontirfahrten, Topographie- und Hangausgleich ist dank der Doppelantenne und der station\u00e4ren Basisstation kein Problem. Das gro\u00dfe, farbige Touch-Terminal erm\u00f6glicht das komfortable Steuern und Ausf\u00fchren aller Bediengungen und Operationen.<br \/>\nPr\u00e4zision +\/- 2cm<\/p>\n<div style=\"position: absolute; height: auto; width: 200px; left: 60%; top: 43%;\"><img loading=\"lazy\" decoding=\"async\" class=\"alignnone size-full wp-image-218\" src=\"https:\/\/fms-stassfurt.de\/wp-content\/uploads\/2023\/11\/autosteer.png\" alt=\"\" width=\"204\" height=\"164\" \/><img loading=\"lazy\" decoding=\"async\" class=\"alignnone size-medium wp-image-219\" style=\"border-radius: 15px; border: 2px solid #9F3B24;\" src=\"https:\/\/fms-stassfurt.de\/wp-content\/uploads\/2023\/11\/ontrac.png\" alt=\"\" width=\"204\" height=\"136\" \/><\/div>\n<p>On Trac2 Die Lenkradsteuerung:<\/p>\n<p>Fahrer k\u00f6nnen sich auf die naheliegenen Aufgaben bei der Bodenbearbeitung,<br \/>\ndem Spritzen, dem Streuen oder der Ernte konzentrieren.<br \/>\nDamit bearbeiten Sie mehr Fl\u00e4che, schneller, pr\u00e4ziser und effizienter.<\/p>\n","protected":false},"excerpt":{"rendered":"<p>&nbsp; AutoSteer: Genauer geht es nicht. Mit AutoSteer lenkt der Traktor automatisch innerhalb der individuell programmierten Fahrspuren. Wiederholbarkeit der Fahrspuren, Kontirfahrten, Topographie- und Hangausgleich ist dank der Doppelantenne und der station\u00e4ren Basisstation kein Problem. Das gro\u00dfe, farbige Touch-Terminal erm\u00f6glicht das komfortable Steuern und Ausf\u00fchren aller Bediengungen und Operationen. Pr\u00e4zision +\/- 2cm On Trac2 Die Lenkradsteuerung:&hellip;&nbsp;<a href=\"https:\/\/fms-stassfurt.de\/?page_id=217\" rel=\"bookmark\">Weiterlesen &raquo;<span class=\"screen-reader-text\">AutoSteer<\/span><\/a><\/p>\n","protected":false},"author":1,"featured_media":0,"parent":0,"menu_order":0,"comment_status":"closed","ping_status":"closed","template":"","meta":{"neve_meta_sidebar":"","neve_meta_container":"","neve_meta_enable_content_width":"off","neve_meta_content_width":100,"neve_meta_title_alignment":"","neve_meta_author_avatar":"","neve_post_elements_order":"","neve_meta_disable_header":"","neve_meta_disable_footer":"","neve_meta_disable_title":"","footnotes":""},"class_list":["post-217","page","type-page","status-publish","hentry"],"_links":{"self":[{"href":"https:\/\/fms-stassfurt.de\/index.php?rest_route=\/wp\/v2\/pages\/217","targetHints":{"allow":["GET"]}}],"collection":[{"href":"https:\/\/fms-stassfurt.de\/index.php?rest_route=\/wp\/v2\/pages"}],"about":[{"href":"https:\/\/fms-stassfurt.de\/index.php?rest_route=\/wp\/v2\/types\/page"}],"author":[{"embeddable":true,"href":"https:\/\/fms-stassfurt.de\/index.php?rest_route=\/wp\/v2\/users\/1"}],"replies":[{"embeddable":true,"href":"https:\/\/fms-stassfurt.de\/index.php?rest_route=%2Fwp%2Fv2%2Fcomments&post=217"}],"version-history":[{"count":15,"href":"https:\/\/fms-stassfurt.de\/index.php?rest_route=\/wp\/v2\/pages\/217\/revisions"}],"predecessor-version":[{"id":540,"href":"https:\/\/fms-stassfurt.de\/index.php?rest_route=\/wp\/v2\/pages\/217\/revisions\/540"}],"wp:attachment":[{"href":"https:\/\/fms-stassfurt.de\/index.php?rest_route=%2Fwp%2Fv2%2Fmedia&parent=217"}],"curies":[{"name":"wp","href":"https:\/\/api.w.org\/{rel}","templated":true}]}}