{"id":243,"date":"2023-11-22T11:12:34","date_gmt":"2023-11-22T10:12:34","guid":{"rendered":"http:\/\/www.fms-stassfurt.de\/newpage\/?page_id=243"},"modified":"2024-09-17T13:03:35","modified_gmt":"2024-09-17T11:03:35","slug":"silos","status":"publish","type":"page","link":"https:\/\/fms-stassfurt.de\/?page_id=243","title":{"rendered":"Silos"},"content":{"rendered":"<p>&nbsp;<\/p>\n<p><strong>Silos:<\/strong><br \/>\nSie suchen eine zuverl\u00e4ssige und wirtschaftliche Alternative zu herk\u00f6mmlichen Silokonstruktionen? Prima. WIr haben fast immer die richtige L\u00f6sung f\u00fcr die optimale Lagerung Ihrer Sch\u00fcttgutmaterialien &#8211; kombiniert mit effizientem Produkthandling. Verschiedene Varianten stehen Ihnen zur Auswahl:<\/p>\n<div style=\"position: absolute; height: auto; width: 200px; left: 60%; top: 35%;\"><img loading=\"lazy\" decoding=\"async\" class=\"alignnone size-full wp-image-245\" style=\"border-radius: 15px; border: 2px solid #9F3B24;\" src=\"https:\/\/fms-stassfurt.de\/wp-content\/uploads\/2023\/11\/silo01.png\" alt=\"\" width=\"204\" height=\"205\" srcset=\"https:\/\/fms-stassfurt.de\/wp-content\/uploads\/2023\/11\/silo01.png 204w, https:\/\/fms-stassfurt.de\/wp-content\/uploads\/2023\/11\/silo01-150x150.png 150w\" sizes=\"auto, (max-width: 204px) 100vw, 204px\" \/><img loading=\"lazy\" decoding=\"async\" class=\"alignnone size-medium wp-image-246\" style=\"border-radius: 15px; border: 2px solid #9F3B24;\" src=\"https:\/\/fms-stassfurt.de\/wp-content\/uploads\/2023\/11\/silo02.png\" alt=\"\" width=\"204\" height=\"201\" \/><\/div>\n<ul>\n<li>unterfahrbar f\u00fcr die direkte Bef\u00fcllung<\/li>\n<li>bodennah f\u00fcr den Einsatz \u00fcber F\u00f6rderanlagen<\/li>\n<li>als Standzargenausf\u00fchrung, begehbar<\/li>\n<li>als Einabusilo f\u00fcr Etagenb\u00fchnen<\/li>\n<\/ul>\n<p>Transport und Montageservice<br \/>\nLieferung mit Spezialfahrzeugen, Silos bis zu einem Volumen von 50m\u00b3<br \/>\nund einer Durchfahrtsh\u00f6he von drei Metern werden mit eigener Hydraulik<br \/>\nin k\u00fcrzester Zeit auf bauseitig bereits erstellten Fundament aufgestellt.<br \/>\nGr\u00f6\u00dfere Silos erfordern f\u00fcr die Aufstellung einen Kran.<\/p>\n","protected":false},"excerpt":{"rendered":"<p>&nbsp; Silos: Sie suchen eine zuverl\u00e4ssige und wirtschaftliche Alternative zu herk\u00f6mmlichen Silokonstruktionen? Prima. WIr haben fast immer die richtige L\u00f6sung f\u00fcr die optimale Lagerung Ihrer Sch\u00fcttgutmaterialien &#8211; kombiniert mit effizientem Produkthandling. Verschiedene Varianten stehen Ihnen zur Auswahl: unterfahrbar f\u00fcr die direkte Bef\u00fcllung bodennah f\u00fcr den Einsatz \u00fcber F\u00f6rderanlagen als Standzargenausf\u00fchrung, begehbar als Einabusilo f\u00fcr Etagenb\u00fchnen&hellip;&nbsp;<a href=\"https:\/\/fms-stassfurt.de\/?page_id=243\" rel=\"bookmark\">Weiterlesen &raquo;<span class=\"screen-reader-text\">Silos<\/span><\/a><\/p>\n","protected":false},"author":1,"featured_media":0,"parent":0,"menu_order":0,"comment_status":"closed","ping_status":"closed","template":"","meta":{"neve_meta_sidebar":"","neve_meta_container":"","neve_meta_enable_content_width":"off","neve_meta_content_width":100,"neve_meta_title_alignment":"","neve_meta_author_avatar":"","neve_post_elements_order":"","neve_meta_disable_header":"","neve_meta_disable_footer":"","neve_meta_disable_title":"","footnotes":""},"class_list":["post-243","page","type-page","status-publish","hentry"],"_links":{"self":[{"href":"https:\/\/fms-stassfurt.de\/index.php?rest_route=\/wp\/v2\/pages\/243","targetHints":{"allow":["GET"]}}],"collection":[{"href":"https:\/\/fms-stassfurt.de\/index.php?rest_route=\/wp\/v2\/pages"}],"about":[{"href":"https:\/\/fms-stassfurt.de\/index.php?rest_route=\/wp\/v2\/types\/page"}],"author":[{"embeddable":true,"href":"https:\/\/fms-stassfurt.de\/index.php?rest_route=\/wp\/v2\/users\/1"}],"replies":[{"embeddable":true,"href":"https:\/\/fms-stassfurt.de\/index.php?rest_route=%2Fwp%2Fv2%2Fcomments&post=243"}],"version-history":[{"count":10,"href":"https:\/\/fms-stassfurt.de\/index.php?rest_route=\/wp\/v2\/pages\/243\/revisions"}],"predecessor-version":[{"id":534,"href":"https:\/\/fms-stassfurt.de\/index.php?rest_route=\/wp\/v2\/pages\/243\/revisions\/534"}],"wp:attachment":[{"href":"https:\/\/fms-stassfurt.de\/index.php?rest_route=%2Fwp%2Fv2%2Fmedia&parent=243"}],"curies":[{"name":"wp","href":"https:\/\/api.w.org\/{rel}","templated":true}]}}