{"id":255,"date":"2023-11-22T11:21:54","date_gmt":"2023-11-22T10:21:54","guid":{"rendered":"http:\/\/www.fms-stassfurt.de\/newpage\/?page_id=255"},"modified":"2024-09-17T13:04:30","modified_gmt":"2024-09-17T11:04:30","slug":"255-2","status":"publish","type":"page","link":"https:\/\/fms-stassfurt.de\/?page_id=255","title":{"rendered":"Soletechnik"},"content":{"rendered":"<p>&nbsp;<br \/>\n<strong>Soletechnik:<\/strong><br \/>\nmit vollautomatischen Soleerzeugern k\u00f6nnen Sie die Sole, die f\u00fcr die Durchf\u00fchrung eines wirksamen Winterdienst ben\u00f6tigt wird, kosteng\u00fcnstig aus Auftausalz selbst herstellen. Dank einer L\u00f6seleistung von 2.500 bis 3.000 Liter pro Stunde kann in kurzer Zeit gebrauchsfertige Sole erzeugt werden. Die vollautomatischen Soleerzeuger sind in 5 verschieden Grundtypen erh\u00e4ltlich:<\/p>\n<ul>\n<li>Solmatic S1 &#8211; der Leistungsf\u00e4hige<\/li>\n<li>Solmatic S2 &#8211; der Platzsparende<\/li>\n<li>Solmatic S3 &#8211; der Kompakte<\/li>\n<li>Solmatic S6 &#8211; der Sparsame<\/li>\n<li>Solmatic S7 &#8211; der Kosteng\u00fcnstige<\/li>\n<li>Solmatic S8 &#8211; der Flexible<\/li>\n<\/ul>\n<div style=\"position: absolute; height: auto; width: 200px; left: 60%; top: 33%;\"><img loading=\"lazy\" decoding=\"async\" src=\"https:\/\/fms-stassfurt.de\/wp-content\/uploads\/2023\/11\/sole01.png\" style=\"border-radius: 15px; border: 2px solid #9F3B24;\" alt=\"\" width=\"204\" height=\"231\" class=\"alignnone size-full wp-image-259\" \/><img loading=\"lazy\" decoding=\"async\" src=\"https:\/\/fms-stassfurt.de\/wp-content\/uploads\/2023\/11\/sole02.png\" style=\"border-radius: 15px; border: 2px solid #9F3B24;\" alt=\"\" width=\"204\" height=\"204\" class=\"alignnone size-medium wp-image-260\" srcset=\"https:\/\/fms-stassfurt.de\/wp-content\/uploads\/2023\/11\/sole02.png 204w, https:\/\/fms-stassfurt.de\/wp-content\/uploads\/2023\/11\/sole02-150x150.png 150w\" sizes=\"auto, (max-width: 204px) 100vw, 204px\" \/><\/div>\n<p>Die Vorteile der Soleerzeuger :<\/p>\n<ul>\n<li>Witterungsbest\u00e4ndig<\/li>\n<li>Sehr hohe Lebensdauer<\/li>\n<li>UV-best\u00e4ndig<\/li>\n<li>Bruchsicher<\/li>\n<li>Einfache Pflege und Wartung<\/li>\n<li>Geringes Eigengewicht<\/li>\n<\/ul>\n","protected":false},"excerpt":{"rendered":"<p>&nbsp; Soletechnik: mit vollautomatischen Soleerzeugern k\u00f6nnen Sie die Sole, die f\u00fcr die Durchf\u00fchrung eines wirksamen Winterdienst ben\u00f6tigt wird, kosteng\u00fcnstig aus Auftausalz selbst herstellen. Dank einer L\u00f6seleistung von 2.500 bis 3.000 Liter pro Stunde kann in kurzer Zeit gebrauchsfertige Sole erzeugt werden. Die vollautomatischen Soleerzeuger sind in 5 verschieden Grundtypen erh\u00e4ltlich: Solmatic S1 &#8211; der Leistungsf\u00e4hige&hellip;&nbsp;<a href=\"https:\/\/fms-stassfurt.de\/?page_id=255\" rel=\"bookmark\">Weiterlesen &raquo;<span class=\"screen-reader-text\">Soletechnik<\/span><\/a><\/p>\n","protected":false},"author":1,"featured_media":0,"parent":0,"menu_order":0,"comment_status":"closed","ping_status":"closed","template":"","meta":{"neve_meta_sidebar":"","neve_meta_container":"","neve_meta_enable_content_width":"off","neve_meta_content_width":100,"neve_meta_title_alignment":"","neve_meta_author_avatar":"","neve_post_elements_order":"","neve_meta_disable_header":"","neve_meta_disable_footer":"","neve_meta_disable_title":"","footnotes":""},"class_list":["post-255","page","type-page","status-publish","hentry"],"_links":{"self":[{"href":"https:\/\/fms-stassfurt.de\/index.php?rest_route=\/wp\/v2\/pages\/255","targetHints":{"allow":["GET"]}}],"collection":[{"href":"https:\/\/fms-stassfurt.de\/index.php?rest_route=\/wp\/v2\/pages"}],"about":[{"href":"https:\/\/fms-stassfurt.de\/index.php?rest_route=\/wp\/v2\/types\/page"}],"author":[{"embeddable":true,"href":"https:\/\/fms-stassfurt.de\/index.php?rest_route=\/wp\/v2\/users\/1"}],"replies":[{"embeddable":true,"href":"https:\/\/fms-stassfurt.de\/index.php?rest_route=%2Fwp%2Fv2%2Fcomments&post=255"}],"version-history":[{"count":6,"href":"https:\/\/fms-stassfurt.de\/index.php?rest_route=\/wp\/v2\/pages\/255\/revisions"}],"predecessor-version":[{"id":535,"href":"https:\/\/fms-stassfurt.de\/index.php?rest_route=\/wp\/v2\/pages\/255\/revisions\/535"}],"wp:attachment":[{"href":"https:\/\/fms-stassfurt.de\/index.php?rest_route=%2Fwp%2Fv2%2Fmedia&parent=255"}],"curies":[{"name":"wp","href":"https:\/\/api.w.org\/{rel}","templated":true}]}}