{"id":264,"date":"2023-11-22T11:29:37","date_gmt":"2023-11-22T10:29:37","guid":{"rendered":"http:\/\/www.fms-stassfurt.de\/newpage\/?page_id=264"},"modified":"2024-09-17T13:05:01","modified_gmt":"2024-09-17T11:05:01","slug":"mischen-tanken","status":"publish","type":"page","link":"https:\/\/fms-stassfurt.de\/?page_id=264","title":{"rendered":"Mischen\/Tanken"},"content":{"rendered":"<p>&nbsp;<\/p>\n<p><strong>Misch- und Auftankstationen:<\/strong><br \/>\naus Glasfaser-Polyester leisten bei Durchf\u00fchrung des Winterdienstes auf Basis der<br \/>\numweltfreundlichen Feuchtsalztechnologie wichtige Dienste. Durch das schnelle<br \/>\nBetanken des Streufahrzeuges sorgt sie auch bei schweren Winter f\u00fcr einen optimalen Prozessablauf.<\/p>\n<div style=\"position: absolute; height: auto; width: 200px; left: 61%; top: 36%;\"><img loading=\"lazy\" decoding=\"async\" src=\"https:\/\/fms-stassfurt.de\/wp-content\/uploads\/2023\/11\/mischen01.png\" style=\"border-radius: 15px; border: 2px solid #9F3B24;\" alt=\"\" width=\"204\" height=\"204\" class=\"alignnone size-full wp-image-266\" srcset=\"https:\/\/fms-stassfurt.de\/wp-content\/uploads\/2023\/11\/mischen01.png 204w, https:\/\/fms-stassfurt.de\/wp-content\/uploads\/2023\/11\/mischen01-150x150.png 150w\" sizes=\"auto, (max-width: 204px) 100vw, 204px\" \/><img loading=\"lazy\" decoding=\"async\" src=\"https:\/\/fms-stassfurt.de\/wp-content\/uploads\/2023\/11\/mischen02.png\" style=\"border-radius: 15px; border: 2px solid #9F3B24;\" alt=\"\" width=\"204\" height=\"198\" class=\"alignnone size-medium wp-image-267\" \/><\/div>\n<p>Das Betanken des Streufahrzeuges geschieht automatisch. \u00fcber eine Taste wird der<br \/>\nStellmotor aktiviert und \u00f6ffnet den Solezulauf. Die Pumpe schaltet sich ein und<br \/>\ndas Magnetventil f\u00fcr den Wasserzulauf \u00f6ffnet sich. \u00dcber das Stellventil auf der<br \/>\nWasserseite kann das Mischverh\u00e4ltnis von Sole zu Wasser den Bed\u00fcrfnissen<br \/>\nentsprechend genau eingestellt werden. In wenigen Minuten steht so eine<br \/>\ngebrauchsfertige L\u00f6sung mit einer Konzentration von 18- bis 28- prozentiger<br \/>\nSole zur Verf\u00fcgung. Sobald auch der Streutank komplett gef\u00fcllt ist,<br \/>\nwird die Anlage abgeschaltet.<\/p>\n<p>Die Anlage kann sowohl in der Halle wie auch im Freien aufgestellt werden.<br \/>\nF\u00fcr die Aufstellung im Freien ist die Anschaffung einer Anlage mit einer<br \/>\nhochklappbaren Abdeckung zu empfehlen, die wie die Misch- und Auftankstation<br \/>\nselbst auch aus Glasfaser-Polyester gefertigt ist. Die Armaturen sind auf diese<br \/>\nWeise wettergesch\u00fctzt. Beim Betrieb wird die Abdeckung nach oben geklappt und<br \/>\ndient so als \u00dcberdachung f\u00fcr das Bedienungspersonal.<\/p>\n","protected":false},"excerpt":{"rendered":"<p>&nbsp; Misch- und Auftankstationen: aus Glasfaser-Polyester leisten bei Durchf\u00fchrung des Winterdienstes auf Basis der umweltfreundlichen Feuchtsalztechnologie wichtige Dienste. Durch das schnelle Betanken des Streufahrzeuges sorgt sie auch bei schweren Winter f\u00fcr einen optimalen Prozessablauf. Das Betanken des Streufahrzeuges geschieht automatisch. \u00fcber eine Taste wird der Stellmotor aktiviert und \u00f6ffnet den Solezulauf. Die Pumpe schaltet sich&hellip;&nbsp;<a href=\"https:\/\/fms-stassfurt.de\/?page_id=264\" rel=\"bookmark\">Weiterlesen &raquo;<span class=\"screen-reader-text\">Mischen\/Tanken<\/span><\/a><\/p>\n","protected":false},"author":1,"featured_media":0,"parent":0,"menu_order":0,"comment_status":"closed","ping_status":"closed","template":"","meta":{"neve_meta_sidebar":"","neve_meta_container":"","neve_meta_enable_content_width":"off","neve_meta_content_width":100,"neve_meta_title_alignment":"","neve_meta_author_avatar":"","neve_post_elements_order":"","neve_meta_disable_header":"","neve_meta_disable_footer":"","neve_meta_disable_title":"","footnotes":""},"class_list":["post-264","page","type-page","status-publish","hentry"],"_links":{"self":[{"href":"https:\/\/fms-stassfurt.de\/index.php?rest_route=\/wp\/v2\/pages\/264","targetHints":{"allow":["GET"]}}],"collection":[{"href":"https:\/\/fms-stassfurt.de\/index.php?rest_route=\/wp\/v2\/pages"}],"about":[{"href":"https:\/\/fms-stassfurt.de\/index.php?rest_route=\/wp\/v2\/types\/page"}],"author":[{"embeddable":true,"href":"https:\/\/fms-stassfurt.de\/index.php?rest_route=\/wp\/v2\/users\/1"}],"replies":[{"embeddable":true,"href":"https:\/\/fms-stassfurt.de\/index.php?rest_route=%2Fwp%2Fv2%2Fcomments&post=264"}],"version-history":[{"count":6,"href":"https:\/\/fms-stassfurt.de\/index.php?rest_route=\/wp\/v2\/pages\/264\/revisions"}],"predecessor-version":[{"id":536,"href":"https:\/\/fms-stassfurt.de\/index.php?rest_route=\/wp\/v2\/pages\/264\/revisions\/536"}],"wp:attachment":[{"href":"https:\/\/fms-stassfurt.de\/index.php?rest_route=%2Fwp%2Fv2%2Fmedia&parent=264"}],"curies":[{"name":"wp","href":"https:\/\/api.w.org\/{rel}","templated":true}]}}