{"id":307,"date":"2023-11-22T13:40:30","date_gmt":"2023-11-22T12:40:30","guid":{"rendered":"http:\/\/www.fms-stassfurt.de\/newpage\/?page_id=307"},"modified":"2024-09-17T13:08:34","modified_gmt":"2024-09-17T11:08:34","slug":"case","status":"publish","type":"page","link":"https:\/\/fms-stassfurt.de\/?page_id=307","title":{"rendered":"Case"},"content":{"rendered":"<p>&nbsp;<\/p>\n<p>Case:<\/p>\n<p>Die weltweiten Forderungen nach mehr Nahrungsmitteln und weniger Schadstoffemission<br \/>\nsind die Herausforderungen an die heutige Landwirtschaft. Case IH hilft Ihnen diese<br \/>\nAufgaben zu meistern. Wir sind dankbar und erfreut \u00fcber die gro\u00dfe Zahl derer, die<br \/>\nsich entschlie\u00dfen, der Marke Case IH ihr Vertrauen zu schenken. Angesichts dieser<br \/>\npositiven Entwicklung haben wir unser Servicekonzept weiter optimiert und weitere<br \/>\nganzheitliche Sys teml\u00f6sungen ausgearbeitet.<\/p>\n<div style=\"position: absolute; height: auto; width: 200px; left: 65%; top: 32%;\"><img loading=\"lazy\" decoding=\"async\" src=\"https:\/\/fms-stassfurt.de\/wp-content\/uploads\/2023\/11\/case01.png\" style=\"border-radius: 15px; border: 2px solid #9F3B24;\" alt=\"\" width=\"204\" height=\"146\" class=\"alignnone size-full wp-image-310\" \/><img loading=\"lazy\" decoding=\"async\" src=\"https:\/\/fms-stassfurt.de\/wp-content\/uploads\/2023\/11\/case02.png\" style=\"border-radius: 15px; border: 2px solid #9F3B24;\" alt=\"\" width=\"204\" height=\"144\" class=\"alignnone size-medium wp-image-311\" \/><\/div>\n<p>Neben einer umfassenden Palette von Traktoren und Erntemaschinen stellen wir Ihnen<br \/>\ndazu engagierte, sachkundige Experten zur Seite. Egal ob optimale Produktivit\u00e4ts-<br \/>\nund Investitionsrendite, Ausr\u00fcstungs-, Service- und Finanzierungsl\u00f6sungen: Wir helfen<br \/>\nIhnen bei der richtigen Wahl. Sie arbeiten in der Branche mit den weltweit h\u00f6chsten<br \/>\nAnforderungen. Case IH hilft Ihnen diese zu erf\u00fcllen.<\/p>\n<p><a href=\"https:\/\/www.caseih.com\/de-de\/germany\" rel=\"noopener\" target=\"_blank\"><img loading=\"lazy\" decoding=\"async\" src=\"https:\/\/fms-stassfurt.de\/wp-content\/uploads\/2023\/11\/case3.png\" alt=\"\" width=\"84\" height=\"43\" class=\"alignnone size-full wp-image-312\" \/><\/a><\/p>\n","protected":false},"excerpt":{"rendered":"<p>&nbsp; Case: Die weltweiten Forderungen nach mehr Nahrungsmitteln und weniger Schadstoffemission sind die Herausforderungen an die heutige Landwirtschaft. Case IH hilft Ihnen diese Aufgaben zu meistern. Wir sind dankbar und erfreut \u00fcber die gro\u00dfe Zahl derer, die sich entschlie\u00dfen, der Marke Case IH ihr Vertrauen zu schenken. Angesichts dieser positiven Entwicklung haben wir unser Servicekonzept&hellip;&nbsp;<a href=\"https:\/\/fms-stassfurt.de\/?page_id=307\" rel=\"bookmark\">Weiterlesen &raquo;<span class=\"screen-reader-text\">Case<\/span><\/a><\/p>\n","protected":false},"author":1,"featured_media":0,"parent":0,"menu_order":0,"comment_status":"closed","ping_status":"closed","template":"","meta":{"neve_meta_sidebar":"","neve_meta_container":"","neve_meta_enable_content_width":"off","neve_meta_content_width":100,"neve_meta_title_alignment":"","neve_meta_author_avatar":"","neve_post_elements_order":"","neve_meta_disable_header":"","neve_meta_disable_footer":"","neve_meta_disable_title":"","footnotes":""},"class_list":["post-307","page","type-page","status-publish","hentry"],"_links":{"self":[{"href":"https:\/\/fms-stassfurt.de\/index.php?rest_route=\/wp\/v2\/pages\/307","targetHints":{"allow":["GET"]}}],"collection":[{"href":"https:\/\/fms-stassfurt.de\/index.php?rest_route=\/wp\/v2\/pages"}],"about":[{"href":"https:\/\/fms-stassfurt.de\/index.php?rest_route=\/wp\/v2\/types\/page"}],"author":[{"embeddable":true,"href":"https:\/\/fms-stassfurt.de\/index.php?rest_route=\/wp\/v2\/users\/1"}],"replies":[{"embeddable":true,"href":"https:\/\/fms-stassfurt.de\/index.php?rest_route=%2Fwp%2Fv2%2Fcomments&post=307"}],"version-history":[{"count":11,"href":"https:\/\/fms-stassfurt.de\/index.php?rest_route=\/wp\/v2\/pages\/307\/revisions"}],"predecessor-version":[{"id":541,"href":"https:\/\/fms-stassfurt.de\/index.php?rest_route=\/wp\/v2\/pages\/307\/revisions\/541"}],"wp:attachment":[{"href":"https:\/\/fms-stassfurt.de\/index.php?rest_route=%2Fwp%2Fv2%2Fmedia&parent=307"}],"curies":[{"name":"wp","href":"https:\/\/api.w.org\/{rel}","templated":true}]}}