{"id":318,"date":"2023-11-22T13:53:53","date_gmt":"2023-11-22T12:53:53","guid":{"rendered":"http:\/\/www.fms-stassfurt.de\/newpage\/?page_id=318"},"modified":"2024-09-17T13:09:14","modified_gmt":"2024-09-17T11:09:14","slug":"steyr-amazone","status":"publish","type":"page","link":"https:\/\/fms-stassfurt.de\/?page_id=318","title":{"rendered":"Steyr \/ Amazone"},"content":{"rendered":"<p>&nbsp;<\/p>\n<p><strong>Steyr \/ Amazone:<\/strong><\/p>\n<p>19 verschiedene Steyr Traktorenmodelle von 56 bis 228 PS werden in h\u00f6chster Pr\u00e4zision<br \/>\nund beispielhafter Qualit\u00e4t im Werk St. Valentin gefertigt und zu 90 Prozent exportiert.<br \/>\nNeben hervorragend ausgebildeten und laufend geschulten Fachkr\u00e4ften garantiert das<br \/>\nService der Steyr-H\u00e4ndler und Werkst\u00e4tten, dass jeder Traktor \u2013 vom Einzelteil bis<br \/>\nzur Endmontage \u2013 in jener bew\u00e4hrten Qualit\u00e4t ausgeliefert wird, f\u00fcr die Steyr<br \/>\nTraktoren in aller Welt bekannt sind.<\/p>\n<div style=\"position: absolute; height: auto; width: 320px; left: 63%; top: 25%;\"><img loading=\"lazy\" decoding=\"async\" src=\"https:\/\/fms-stassfurt.de\/wp-content\/uploads\/2023\/11\/amazone.png\" style=\"border-radius: 15px; border: 2px solid #9F3B24;\" alt=\"\" width=\"174\" height=\"106\" class=\"alignnone size-full wp-image-321\" \/><img loading=\"lazy\" decoding=\"async\" src=\"https:\/\/fms-stassfurt.de\/wp-content\/uploads\/2023\/11\/steyr.png\" style=\"border-radius: 15px; border: 2px solid #9F3B24;\" alt=\"\" width=\"204\" height=\"166\" class=\"alignnone size-medium wp-image-322\" \/><\/div>\n<p>Amazone:<\/p>\n<div style=\"position: absolute; height: auto; width: 350px; left: 60%; top: 62%;\"><strong>Amazone Live Video:<\/strong><iframe loading=\"lazy\" width=\"350\" height=\"175\" src=\"\/\/www.youtube.com\/embed\/A3GLrpAhZ84?list=UUFEx_vBope-JV6RhGoDIkaA\" frameborder=\"0\" allowfullscreen><\/iframe><\/div>\n<p>Die AMAZONEN-WERKE sind Spezialisten f\u00fcr D\u00fcngerstreuer, S\u00e4maschinen, aktive<br \/>\n(Kreiselgrubber und Kreiseleggen) und passive (Scheibengrubber und \u2013eggen)<br \/>\nBodenbearbeitung , Einzelkorns\u00e4maschinen und Pflanzenschutzspritzen. Au\u00dferdem<br \/>\nbietet AMAZONE seit Jahren leistungsf\u00e4hige Ger\u00e4te zur Park- und<br \/>\nGr\u00fcnfl\u00e4chenpflege sowie f\u00fcr den Winterdienst an.<\/p>\n<p><a href=\"https:\/\/amazone.de\/de-de\/\" rel=\"noopener\" target=\"_blank\"><img loading=\"lazy\" decoding=\"async\" src=\"https:\/\/fms-stassfurt.de\/wp-content\/uploads\/2023\/11\/amazonelogo-300x42.png\" alt=\"\" width=\"300\" height=\"42\" class=\"alignnone size-medium wp-image-331\" srcset=\"https:\/\/fms-stassfurt.de\/wp-content\/uploads\/2023\/11\/amazonelogo-300x42.png 300w, https:\/\/fms-stassfurt.de\/wp-content\/uploads\/2023\/11\/amazonelogo.png 306w\" sizes=\"auto, (max-width: 300px) 100vw, 300px\" \/><\/a><\/p>\n","protected":false},"excerpt":{"rendered":"<p>&nbsp; Steyr \/ Amazone: 19 verschiedene Steyr Traktorenmodelle von 56 bis 228 PS werden in h\u00f6chster Pr\u00e4zision und beispielhafter Qualit\u00e4t im Werk St. Valentin gefertigt und zu 90 Prozent exportiert. Neben hervorragend ausgebildeten und laufend geschulten Fachkr\u00e4ften garantiert das Service der Steyr-H\u00e4ndler und Werkst\u00e4tten, dass jeder Traktor \u2013 vom Einzelteil bis zur Endmontage \u2013 in&hellip;&nbsp;<a href=\"https:\/\/fms-stassfurt.de\/?page_id=318\" rel=\"bookmark\">Weiterlesen &raquo;<span class=\"screen-reader-text\">Steyr \/ Amazone<\/span><\/a><\/p>\n","protected":false},"author":1,"featured_media":0,"parent":0,"menu_order":0,"comment_status":"closed","ping_status":"closed","template":"","meta":{"neve_meta_sidebar":"","neve_meta_container":"","neve_meta_enable_content_width":"off","neve_meta_content_width":100,"neve_meta_title_alignment":"","neve_meta_author_avatar":"","neve_post_elements_order":"","neve_meta_disable_header":"","neve_meta_disable_footer":"","neve_meta_disable_title":"","footnotes":""},"class_list":["post-318","page","type-page","status-publish","hentry"],"_links":{"self":[{"href":"https:\/\/fms-stassfurt.de\/index.php?rest_route=\/wp\/v2\/pages\/318","targetHints":{"allow":["GET"]}}],"collection":[{"href":"https:\/\/fms-stassfurt.de\/index.php?rest_route=\/wp\/v2\/pages"}],"about":[{"href":"https:\/\/fms-stassfurt.de\/index.php?rest_route=\/wp\/v2\/types\/page"}],"author":[{"embeddable":true,"href":"https:\/\/fms-stassfurt.de\/index.php?rest_route=\/wp\/v2\/users\/1"}],"replies":[{"embeddable":true,"href":"https:\/\/fms-stassfurt.de\/index.php?rest_route=%2Fwp%2Fv2%2Fcomments&post=318"}],"version-history":[{"count":21,"href":"https:\/\/fms-stassfurt.de\/index.php?rest_route=\/wp\/v2\/pages\/318\/revisions"}],"predecessor-version":[{"id":542,"href":"https:\/\/fms-stassfurt.de\/index.php?rest_route=\/wp\/v2\/pages\/318\/revisions\/542"}],"wp:attachment":[{"href":"https:\/\/fms-stassfurt.de\/index.php?rest_route=%2Fwp%2Fv2%2Fmedia&parent=318"}],"curies":[{"name":"wp","href":"https:\/\/api.w.org\/{rel}","templated":true}]}}