{"id":337,"date":"2023-11-22T14:12:12","date_gmt":"2023-11-22T13:12:12","guid":{"rendered":"http:\/\/www.fms-stassfurt.de\/newpage\/?page_id=337"},"modified":"2024-09-17T13:09:51","modified_gmt":"2024-09-17T11:09:51","slug":"kommunaltechnik","status":"publish","type":"page","link":"https:\/\/fms-stassfurt.de\/?page_id=337","title":{"rendered":"Kommunaltechnik"},"content":{"rendered":"<p><img loading=\"lazy\" decoding=\"async\" class=\"alignnone wp-image-441 size-full\" style=\"border-radius: 15px; border: 2px solid #9F3B24;\" src=\"https:\/\/fms-stassfurt.de\/wp-content\/uploads\/2023\/11\/kommu-header.jpg\" alt=\"\" width=\"1052\" height=\"333\" srcset=\"https:\/\/fms-stassfurt.de\/wp-content\/uploads\/2023\/11\/kommu-header.jpg 1052w, https:\/\/fms-stassfurt.de\/wp-content\/uploads\/2023\/11\/kommu-header-300x95.jpg 300w, https:\/\/fms-stassfurt.de\/wp-content\/uploads\/2023\/11\/kommu-header-1024x324.jpg 1024w, https:\/\/fms-stassfurt.de\/wp-content\/uploads\/2023\/11\/kommu-header-768x243.jpg 768w\" sizes=\"auto, (max-width: 1052px) 100vw, 1052px\" \/><br \/>\n<strong>Kommunaltechnik<\/strong><\/p>\n<p>Unser Angebotsprogramm:<\/p>\n<div style=\"position: absolute; height: auto; width: 350px; left: 55%; top: 47%;\"><img loading=\"lazy\" decoding=\"async\" class=\"alignnone size-full wp-image-338\" style=\"border-radius: 15px; border: 2px solid #9F3B24;\" src=\"https:\/\/fms-stassfurt.de\/wp-content\/uploads\/2023\/11\/kommunaltechnik.jpg\" alt=\"\" width=\"200\" height=\"300\" \/><\/div>\n<p>Vertriebs- und Servicepartner f\u00fcr Kress Commercial Systeme<br \/>\nRobotic Fl\u00e4chenpflegesysteme<br \/>\nMotorger\u00e4te f\u00fcr die Garten- und Grundst\u00fcckspflege<br \/>\nReinigungsger\u00e4te<br \/>\nKommunalmaschinen<br \/>\nGro\u00dffl\u00e4chenpflegesysteme<\/p>\n","protected":false},"excerpt":{"rendered":"<p>Kommunaltechnik Unser Angebotsprogramm: Vertriebs- und Servicepartner f\u00fcr Kress Commercial Systeme Robotic Fl\u00e4chenpflegesysteme Motorger\u00e4te f\u00fcr die Garten- und Grundst\u00fcckspflege Reinigungsger\u00e4te Kommunalmaschinen Gro\u00dffl\u00e4chenpflegesysteme<\/p>\n","protected":false},"author":1,"featured_media":0,"parent":0,"menu_order":0,"comment_status":"closed","ping_status":"closed","template":"","meta":{"neve_meta_sidebar":"","neve_meta_container":"","neve_meta_enable_content_width":"off","neve_meta_content_width":100,"neve_meta_title_alignment":"","neve_meta_author_avatar":"","neve_post_elements_order":"","neve_meta_disable_header":"","neve_meta_disable_footer":"","neve_meta_disable_title":"","footnotes":""},"class_list":["post-337","page","type-page","status-publish","hentry"],"_links":{"self":[{"href":"https:\/\/fms-stassfurt.de\/index.php?rest_route=\/wp\/v2\/pages\/337","targetHints":{"allow":["GET"]}}],"collection":[{"href":"https:\/\/fms-stassfurt.de\/index.php?rest_route=\/wp\/v2\/pages"}],"about":[{"href":"https:\/\/fms-stassfurt.de\/index.php?rest_route=\/wp\/v2\/types\/page"}],"author":[{"embeddable":true,"href":"https:\/\/fms-stassfurt.de\/index.php?rest_route=\/wp\/v2\/users\/1"}],"replies":[{"embeddable":true,"href":"https:\/\/fms-stassfurt.de\/index.php?rest_route=%2Fwp%2Fv2%2Fcomments&post=337"}],"version-history":[{"count":14,"href":"https:\/\/fms-stassfurt.de\/index.php?rest_route=\/wp\/v2\/pages\/337\/revisions"}],"predecessor-version":[{"id":543,"href":"https:\/\/fms-stassfurt.de\/index.php?rest_route=\/wp\/v2\/pages\/337\/revisions\/543"}],"wp:attachment":[{"href":"https:\/\/fms-stassfurt.de\/index.php?rest_route=%2Fwp%2Fv2%2Fmedia&parent=337"}],"curies":[{"name":"wp","href":"https:\/\/api.w.org\/{rel}","templated":true}]}}