{"id":473,"date":"2023-11-29T15:30:38","date_gmt":"2023-11-29T14:30:38","guid":{"rendered":"http:\/\/www.fms-stassfurt.de\/newpage\/?page_id=473"},"modified":"2024-09-17T13:10:52","modified_gmt":"2024-09-17T11:10:52","slug":"kress-rtk","status":"publish","type":"page","link":"https:\/\/fms-stassfurt.de\/?page_id=473","title":{"rendered":"Kress RTK"},"content":{"rendered":"<p>&nbsp;<br \/>\n<strong>Kress RTK<\/strong><\/p>\n<p>Gesteuert durch das Kress RTKn-Netzwerk navigiert er Ihren Rasen zentimetergenau. Sie brauchen weder ein Begrenzungskabel noch eine feste Referenzantenne im Rasen zu installieren. Der Dead-Reckoning-Algorithmus sorgt f\u00fcr Genauigkeit, wenn die Sichtlinien zu den Satelliten durch B\u00e4ume und Geb\u00e4ude blockiert sind. Mit der MAP\u2122-Technologie (Mowing Action Plan) werden Rasenfl\u00e4chen von bis zu 7000 m\u00b2 (5000 m\u00b2 empfohlen) effizient gem\u00e4ht.<\/p>\n<div style=\"position: absolute; height: auto; width: 300px; left: 58%; top: 33%;\">[videopack id=&#8220;477&#8243;]https:\/\/fms-stassfurt.de\/wp-content\/uploads\/2023\/11\/kress_rtk00.mp4[\/videopack]<\/div>\n<ul>\n<li>Satellitengesteuert &#8211; keine Installation von Begrenzungsdraht<\/li>\n<li>Genauigkeit im Zentimeterbereich, ohne feste Antenne auf dem Rasen<\/li>\n<li>Systematische Abdeckung in parallelen Linien f\u00fcr maximale M\u00e4heffizienz<\/li>\n<li>Doppellagiges Messersystem f\u00fcr dichtes und leicht \u00fcberwuchertes Gras<\/li>\n<li>Satellitengenaues Multizonen-Management<\/li>\n<li>Patentiertes System zur Hindernisvermeidung<\/li>\n<li>Folgt dem k\u00fcrzest m\u00f6glichen Weg zur und von der Ladestation<\/li>\n<li>Automatisch nivellierendes Schaufelsystem passt sich den Unebenheiten des Gel\u00e4ndes an<\/li>\n<\/ul>\n<style id=\"bwg-style-0\">    #bwg_container1_0 #bwg_container2_0 .bwg-container-0.bwg-standard-thumbnails {      width: 1004px;              justify-content: center;        margin:0 auto !important;              background-color: rgba(255, 255, 255, 0.00);            padding-left: 4px;      padding-top: 4px;      max-width: 100%;            }        #bwg_container1_0 #bwg_container2_0 .bwg-container-0.bwg-standard-thumbnails .bwg-item {    justify-content: flex-start;      max-width: 250px;          }    #bwg_container1_0 #bwg_container2_0 .bwg-container-0.bwg-standard-thumbnails .bwg-item a {       margin-right: 4px;       margin-bottom: 4px;    }    #bwg_container1_0 #bwg_container2_0 .bwg-container-0.bwg-standard-thumbnails .bwg-item0 {      padding: 0px;            background-color:rgba(0,0,0, 0.30);      border: 2px solid #9F3B24;      opacity: 1.00;      border-radius: 5px;      box-shadow: ;    }    #bwg_container1_0 #bwg_container2_0 .bwg-container-0.bwg-standard-thumbnails .bwg-item1 img {      max-height: none;      max-width: none;      padding: 0 !important;    }        @media only screen and (min-width: 480px) {      #bwg_container1_0 #bwg_container2_0 .bwg-container-0.bwg-standard-thumbnails .bwg-item0 {        transition: all 0.3s ease 0s;-webkit-transition: all 0.3s ease 0s;      }      #bwg_container1_0 #bwg_container2_0 .bwg-container-0.bwg-standard-thumbnails .bwg-item0:hover {        -ms-transform: rotate(2deg);        -webkit-transform: rotate(2deg);        transform: rotate(2deg);      }    }          #bwg_container1_0 #bwg_container2_0 .bwg-container-0.bwg-standard-thumbnails .bwg-item1 {      padding-top: 56%;    }        #bwg_container1_0 #bwg_container2_0 .bwg-container-0.bwg-standard-thumbnails .bwg-title2,    #bwg_container1_0 #bwg_container2_0 .bwg-container-0.bwg-standard-thumbnails .bwg-ecommerce2 {      color: #323A45;      font-family: arial;      font-size: 12px;      font-weight: bold;      padding: 2px;      text-shadow: ;      max-height: 100%;    }    #bwg_container1_0 #bwg_container2_0 .bwg-container-0.bwg-standard-thumbnails .bwg-thumb-description span {    color: #323A45;    font-family: arial;    font-size: 12px;    max-height: 100%;    word-wrap: break-word;    }    #bwg_container1_0 #bwg_container2_0 .bwg-container-0.bwg-standard-thumbnails .bwg-play-icon2 {      font-size: 24px;    }    #bwg_container1_0 #bwg_container2_0 .bwg-container-0.bwg-standard-thumbnails .bwg-ecommerce2 {      font-size: 14.4px;      color: #323A45;    }    <\/style>    <div id=\"bwg_container1_0\"         class=\"bwg_container bwg_thumbnail bwg_thumbnails \"         data-right-click-protection=\"0\"         data-bwg=\"0\"         data-scroll=\"0\"         data-gallery-type=\"thumbnails\"         data-gallery-view-type=\"thumbnails\"         data-current-url=\"\/index.php?rest_route=%2Fwp%2Fv2%2Fpages%2F473\"         data-lightbox-url=\"https:\/\/fms-stassfurt.de\/wp-admin\/admin-ajax.php?action=GalleryBox&#038;current_view=0&#038;gallery_id=5&#038;tag=0&#038;theme_id=3&#038;shortcode_id=21&#038;sort_by=order&#038;order_by=asc&#038;current_url=%2Findex.php%3Frest_route%3D%252Fwp%252Fv2%252Fpages%252F473\"         data-gallery-id=\"5\"         data-popup-width=\"800\"         data-popup-height=\"600\"         data-is-album=\"gallery\"         data-buttons-position=\"bottom\">      <div id=\"bwg_container2_0\">             <div id=\"ajax_loading_0\" class=\"bwg_loading_div_1\">      <div class=\"bwg_loading_div_2\">        <div class=\"bwg_loading_div_3\">          <div id=\"loading_div_0\" class=\"bwg_spider_ajax_loading\">          <\/div>        <\/div>      <\/div>    <\/div>            <form id=\"gal_front_form_0\"              class=\"bwg-hidden\"              method=\"post\"              action=\"#\"              data-current=\"0\"              data-shortcode-id=\"21\"              data-gallery-type=\"thumbnails\"              data-gallery-id=\"5\"              data-tag=\"0\"              data-album-id=\"0\"              data-theme-id=\"3\"              data-ajax-url=\"https:\/\/fms-stassfurt.de\/wp-admin\/admin-ajax.php?action=bwg_frontend_data\">          <div id=\"bwg_container3_0\" class=\"bwg-background bwg-background-0\">            <style>        #bwg_container1_0 #bwg_container2_0 .bwg_gal_title_0 {          display: block;          padding: 2px;          background-color: rgba(0, 0, 0, 0);          line-height: 20px;          font-family: arial;          font-size: 12px;          font-weight: bold;          color: #323A45;          text-shadow: ;          text-align: center;        }        #bwg_container1_0 #bwg_container2_0 .bwg_gal_description_0 {          margin: 20px 0;          word-break: break-word;          text-align: justify;          font-size: 9px;          font-weight: unset;        }        <\/style>        <div class=\"bwg_gal_title_0\">Kress_RTK<\/div>            <div data-max-count=\"4\"         data-thumbnail-width=\"250\"         data-bwg=\"0\"         data-gallery-id=\"5\"         data-lightbox-url=\"https:\/\/fms-stassfurt.de\/wp-admin\/admin-ajax.php?action=GalleryBox&amp;current_view=0&amp;gallery_id=5&amp;tag=0&amp;theme_id=3&amp;shortcode_id=21&amp;sort_by=order&amp;order_by=asc&amp;current_url=%2Findex.php%3Frest_route%3D%252Fwp%252Fv2%252Fpages%252F473\"         id=\"bwg_thumbnails_0\"         class=\"bwg-container-0 bwg-thumbnails bwg-standard-thumbnails bwg-container bwg-border-box\">            <div class=\"bwg-item\">        <a class=\"bwg-a  bwg_lightbox\"  data-image-id=\"62\" href=\"https:\/\/fms-stassfurt.de\/wp-content\/uploads\/photo-gallery\/kress_rtk\/kress_rtk01.jpg?bwg=1701269620\" data-elementor-open-lightbox=\"no\">                <div class=\"bwg-item0 \">          <div class=\"bwg-item1 \">            <div class=\"bwg-item2\">              <img decoding=\"async\" class=\"skip-lazy bwg_standart_thumb_img_0 \"                   data-id=\"62\"                   data-width=\"500.00\"                   data-height=\"356.00\"                   data-src=\"https:\/\/fms-stassfurt.de\/wp-content\/uploads\/photo-gallery\/kress_rtk\/thumb\/kress_rtk01.jpg?bwg=1701269620\"                   src=\"https:\/\/fms-stassfurt.de\/wp-content\/uploads\/photo-gallery\/kress_rtk\/thumb\/kress_rtk01.jpg?bwg=1701269620\"                   alt=\"Kress RTK\"                   title=\"Kress RTK\" \/>            <\/div>            <div class=\"\">                                                      <\/div>          <\/div>        <\/div>                <div class=\"bwg-title1\"><div class=\"bwg-title2\">Kress RTK<\/div><\/div>        <\/a>              <\/div>            <div class=\"bwg-item\">        <a class=\"bwg-a  bwg_lightbox\"  data-image-id=\"63\" href=\"https:\/\/fms-stassfurt.de\/wp-content\/uploads\/photo-gallery\/kress_rtk\/kress_rtk03.jpg?bwg=1701269620\" data-elementor-open-lightbox=\"no\">                <div class=\"bwg-item0 \">          <div class=\"bwg-item1 \">            <div class=\"bwg-item2\">              <img decoding=\"async\" class=\"skip-lazy bwg_standart_thumb_img_0 \"                   data-id=\"63\"                   data-width=\"500.00\"                   data-height=\"349.00\"                   data-src=\"https:\/\/fms-stassfurt.de\/wp-content\/uploads\/photo-gallery\/kress_rtk\/thumb\/kress_rtk03.jpg?bwg=1701269620\"                   src=\"https:\/\/fms-stassfurt.de\/wp-content\/uploads\/photo-gallery\/kress_rtk\/thumb\/kress_rtk03.jpg?bwg=1701269620\"                   alt=\"Kress RTK\"                   title=\"Kress RTK\" \/>            <\/div>            <div class=\"\">                                                      <\/div>          <\/div>        <\/div>                <div class=\"bwg-title1\"><div class=\"bwg-title2\">Kress RTK<\/div><\/div>        <\/a>              <\/div>            <div class=\"bwg-item\">        <a class=\"bwg-a  bwg_lightbox\"  data-image-id=\"64\" href=\"https:\/\/fms-stassfurt.de\/wp-content\/uploads\/photo-gallery\/kress_rtk\/kress_rtk02.jpg?bwg=1701269620\" data-elementor-open-lightbox=\"no\">                <div class=\"bwg-item0 \">          <div class=\"bwg-item1 \">            <div class=\"bwg-item2\">              <img decoding=\"async\" class=\"skip-lazy bwg_standart_thumb_img_0 \"                   data-id=\"64\"                   data-width=\"500.00\"                   data-height=\"351.00\"                   data-src=\"https:\/\/fms-stassfurt.de\/wp-content\/uploads\/photo-gallery\/kress_rtk\/thumb\/kress_rtk02.jpg?bwg=1701269620\"                   src=\"https:\/\/fms-stassfurt.de\/wp-content\/uploads\/photo-gallery\/kress_rtk\/thumb\/kress_rtk02.jpg?bwg=1701269620\"                   alt=\"Kress RTK\"                   title=\"Kress RTK\" \/>            <\/div>            <div class=\"\">                                                      <\/div>          <\/div>        <\/div>                <div class=\"bwg-title1\"><div class=\"bwg-title2\">Kress RTK<\/div><\/div>        <\/a>              <\/div>          <\/div>    <style>      \/*pagination styles*\/      #bwg_container1_0 #bwg_container2_0 .tablenav-pages_0 {\t\t\t\ttext-align: center;\t\t\t\tfont-size: 12px;\t\t\t\tfont-family: Ubuntu;\t\t\t\tfont-weight: bold;\t\t\t\tcolor: #666666;\t\t\t\tmargin: 6px 0 4px;\t\t\t\tdisplay: block;      }      @media only screen and (max-width : 320px) {      #bwg_container1_0 #bwg_container2_0 .displaying-num_0 {     \t display: none;      }      }      #bwg_container1_0 #bwg_container2_0 .displaying-num_0 {\t\t\t\tfont-size: 12px;\t\t\t\tfont-family: Ubuntu;\t\t\t\tfont-weight: bold;\t\t\t\tcolor: #666666;\t\t\t\tmargin-right: 10px;\t\t\t\tvertical-align: middle;      }      #bwg_container1_0 #bwg_container2_0 .paging-input_0 {\t\t\t\tfont-size: 12px;\t\t\t\tfont-family: Ubuntu;\t\t\t\tfont-weight: bold;\t\t\t\tcolor: #666666;\t\t\t\tvertical-align: middle;      }      #bwg_container1_0 #bwg_container2_0 .tablenav-pages_0 a.disabled,      #bwg_container1_0 #bwg_container2_0 .tablenav-pages_0 a.disabled:hover,      #bwg_container1_0 #bwg_container2_0 .tablenav-pages_0 a.disabled:focus,\t\t\t#bwg_container1_0 #bwg_container2_0 .tablenav-pages_0 input.bwg_current_page {\t\t\t\tcursor: default;\t\t\t\tcolor: rgba(102, 102, 102, 0.5);      }      #bwg_container1_0 #bwg_container2_0 .tablenav-pages_0 a,      #bwg_container1_0 #bwg_container2_0 .tablenav-pages_0 input.bwg_current_page {\t\t\t\tcursor: pointer;\t\t\t\ttext-align: center;\t\t\t\tfont-size: 12px;\t\t\t\tfont-family: Ubuntu;\t\t\t\tfont-weight: bold;\t\t\t\tcolor: #666666;\t\t\t\ttext-decoration: none;\t\t\t\tpadding: 3px 6px;\t\t\t\tmargin: 0;\t\t\t\tborder-radius: 0;\t\t\t\tborder-style: solid;\t\t\t\tborder-width: 1px;\t\t\t\tborder-color: #E3E3E3;\t\t\t\t\t\t\t\tbackground-color: rgba(255, 255, 255, 1.00);\t\t\t\tbox-shadow: 0;\t\t\t\ttransition: all 0.3s ease 0s;-webkit-transition: all 0.3s ease 0s;      }      <\/style>      <span class=\"bwg_nav_cont_0\">              <div class=\"tablenav-pages_0\">                  <\/div>                <input type=\"hidden\" id=\"page_number_0\" name=\"page_number_0\" value=\"1\" \/>      <script type=\"text\/javascript\">        if( jQuery('.bwg_nav_cont_0').length > 1 ) {          jQuery('.bwg_nav_cont_0').first().remove()        }        function spider_page_0(cur, x, y, load_more) {          if (typeof load_more == \"undefined\") {            var load_more = false;          }          if (jQuery(cur).hasClass('disabled')) {            return false;          }          var items_county_0 = 1;          switch (y) {            case 1:              if (x >= items_county_0) {                document.getElementById('page_number_0').value = items_county_0;              }              else {                document.getElementById('page_number_0').value = x + 1;              }              break;            case 2:              document.getElementById('page_number_0').value = items_county_0;              break;            case -1:              if (x == 1) {                document.getElementById('page_number_0').value = 1;              }              else {                document.getElementById('page_number_0').value = x - 1;              }              break;            case -2:              document.getElementById('page_number_0').value = 1;              break;\t\t\t\t\t\tcase 0:              document.getElementById('page_number_0').value = x;              break;            default:              document.getElementById('page_number_0').value = 1;          }          bwg_ajax('gal_front_form_0', '0', 'bwg_thumbnails_0', '0', '', 'gallery', 0, '', '', load_more, '', 1);        }                    jQuery('.first-page-0').on('click', function () {              spider_page_0(this, 1, -2, 'numeric');              return false;            });            jQuery('.prev-page-0').on('click', function () {              spider_page_0(this, 1, -1, 'numeric');              return false;            });            jQuery('.next-page-0').on('click', function () {              spider_page_0(this, 1, 1, 'numeric');              return false;            });            jQuery('.last-page-0').on('click', function () {              spider_page_0(this, 1, 2, 'numeric');              return false;            });        \t\t\t\t\/* Change page on input enter. *\/        function bwg_change_page_0( e, that ) {          if (  e.key == 'Enter' ) {            var to_page = parseInt(jQuery(that).val());            var pages_count = jQuery(that).parents(\".pagination-links\").data(\"pages-count\");            var current_url_param = jQuery(that).attr('data-url-info');            if (to_page > pages_count) {              to_page = 1;            }\t \t\t\t\t\t\t\t\t\t\t\t\tspider_page_0(this, to_page, 0, 'numeric');\t\t\t\t\t\t\treturn false;\t\t\t\t\t\t          }          return true;        }        jQuery('.bwg_load_btn_0').on('click', function () {            spider_page_0(this, 1, 1, true);            return false;        });      <\/script>      <\/span>                <\/div>        <\/form>        <style>          #bwg_container1_0 #bwg_container2_0 #spider_popup_overlay_0 {          background-color: #EEEEEE;          opacity: 0.60;          }          <\/style>        <div id=\"bwg_spider_popup_loading_0\" class=\"bwg_spider_popup_loading\"><\/div>        <div id=\"spider_popup_overlay_0\" class=\"spider_popup_overlay\" onclick=\"spider_destroypopup(1000)\"><\/div>        <input type=\"hidden\" id=\"bwg_random_seed_0\" value=\"640628218\">                <\/div>    <\/div>    <script>      if (document.readyState === 'complete') {        if( typeof bwg_main_ready == 'function' ) {          if ( jQuery(\"#bwg_container1_0\").height() ) {            bwg_main_ready(jQuery(\"#bwg_container1_0\"));          }        }      } else {        document.addEventListener('DOMContentLoaded', function() {          if( typeof bwg_main_ready == 'function' ) {            if ( jQuery(\"#bwg_container1_0\").height() ) {             bwg_main_ready(jQuery(\"#bwg_container1_0\"));            }          }        });      }    <\/script>    \n<p style=\"text-align: center;\"><strong><em>W\u00e4hrend herk\u00f6mmliche M\u00e4hroboter selbst im Rund-um-die-Uhr-Betrieb kaum in der Lage sind, sehr gro\u00dfe Fl\u00e4chen zu m\u00e4hen, meistert die Kress RTKn-Technologie diese Herausforderung<\/em>.<\/strong><\/p>\n","protected":false},"excerpt":{"rendered":"<p>&nbsp; Kress RTK Gesteuert durch das Kress RTKn-Netzwerk navigiert er Ihren Rasen zentimetergenau. Sie brauchen weder ein Begrenzungskabel noch eine feste Referenzantenne im Rasen zu installieren. Der Dead-Reckoning-Algorithmus sorgt f\u00fcr Genauigkeit, wenn die Sichtlinien zu den Satelliten durch B\u00e4ume und Geb\u00e4ude blockiert sind. Mit der MAP\u2122-Technologie (Mowing Action Plan) werden Rasenfl\u00e4chen von bis zu 7000&hellip;&nbsp;<a href=\"https:\/\/fms-stassfurt.de\/?page_id=473\" rel=\"bookmark\">Weiterlesen &raquo;<span class=\"screen-reader-text\">Kress RTK<\/span><\/a><\/p>\n","protected":false},"author":1,"featured_media":0,"parent":0,"menu_order":0,"comment_status":"closed","ping_status":"closed","template":"","meta":{"neve_meta_sidebar":"","neve_meta_container":"","neve_meta_enable_content_width":"off","neve_meta_content_width":100,"neve_meta_title_alignment":"","neve_meta_author_avatar":"","neve_post_elements_order":"","neve_meta_disable_header":"","neve_meta_disable_footer":"","neve_meta_disable_title":"","footnotes":""},"class_list":["post-473","page","type-page","status-publish","hentry"],"_links":{"self":[{"href":"https:\/\/fms-stassfurt.de\/index.php?rest_route=\/wp\/v2\/pages\/473","targetHints":{"allow":["GET"]}}],"collection":[{"href":"https:\/\/fms-stassfurt.de\/index.php?rest_route=\/wp\/v2\/pages"}],"about":[{"href":"https:\/\/fms-stassfurt.de\/index.php?rest_route=\/wp\/v2\/types\/page"}],"author":[{"embeddable":true,"href":"https:\/\/fms-stassfurt.de\/index.php?rest_route=\/wp\/v2\/users\/1"}],"replies":[{"embeddable":true,"href":"https:\/\/fms-stassfurt.de\/index.php?rest_route=%2Fwp%2Fv2%2Fcomments&post=473"}],"version-history":[{"count":15,"href":"https:\/\/fms-stassfurt.de\/index.php?rest_route=\/wp\/v2\/pages\/473\/revisions"}],"predecessor-version":[{"id":545,"href":"https:\/\/fms-stassfurt.de\/index.php?rest_route=\/wp\/v2\/pages\/473\/revisions\/545"}],"wp:attachment":[{"href":"https:\/\/fms-stassfurt.de\/index.php?rest_route=%2Fwp%2Fv2%2Fmedia&parent=473"}],"curies":[{"name":"wp","href":"https:\/\/api.w.org\/{rel}","templated":true}]}}