{"id":51,"date":"2023-11-16T14:25:30","date_gmt":"2023-11-16T13:25:30","guid":{"rendered":"http:\/\/www.fms-stassfurt.de\/newpage\/?page_id=51"},"modified":"2024-09-18T11:08:47","modified_gmt":"2024-09-18T09:08:47","slug":"service","status":"publish","type":"page","link":"https:\/\/fms-stassfurt.de\/?page_id=51","title":{"rendered":"Service"},"content":{"rendered":"<p><img loading=\"lazy\" decoding=\"async\" class=\"alignnone wp-image-52 size-full\" src=\"http:\/\/www.fms-stassfurt.de\/newpage\/wp-content\/uploads\/2023\/11\/header05.jpg\" style=\"border-radius: 15px; border: 2px solid #9F3B24;\" alt=\"\" width=\"1024\" height=\"332\" srcset=\"https:\/\/fms-stassfurt.de\/wp-content\/uploads\/2023\/11\/header05.jpg 1024w, https:\/\/fms-stassfurt.de\/wp-content\/uploads\/2023\/11\/header05-300x97.jpg 300w, https:\/\/fms-stassfurt.de\/wp-content\/uploads\/2023\/11\/header05-768x249.jpg 768w\" sizes=\"auto, (max-width: 1024px) 100vw, 1024px\" \/><br \/>\n<strong>Serviceleistungen<\/strong><br \/>\nWir sind f\u00fcr Sie da, wenn Sie uns brauchen!<\/p>\n<p><strong>Reparaturservice<\/strong><br \/>\nInstandsetzung und Wartung von Nutzfahrzeugen, Landmaschinen, Kommunal- und Baumaschinen einschlie\u00dflich Hol- und Bringeservice. Schadensbezogene Instandsetzung von Anlassern, Lichtmaschinen und anderen elektrischen Baugruppen. Instandsetzungsarbeiten an station\u00e4ren und mobilen Anlagen wie Stromerzeuger und Kompressoren<\/p>\n<p><strong>Ersatzteilbeschaffung<\/strong><br \/>\nBeschaffung von Originalersatzteilen, aber auch Alternativersatzteilen<\/p>\n<p><strong>Hydraulikservice<\/strong><br \/>\nInstandsetzung von Hydraulikanlagen einschlie\u00dflich Hydraulikzylinder. Anfertigung und Reparatur von Hydraulikschl\u00e4uchen<\/p>\n<p><strong>Diagnosetechnik<\/strong><br \/>\nErmittlung elektronischer Fehler mithilfe modernster Computertechnik, u.a. TXT Diagnose Tester<\/p>\n<p><strong>Einbau von GPS gesteuerten Anlagen<\/strong><\/p>\n<p><strong>Durchf\u00fchrung von Untersuchungen<\/strong><br \/>\nDurchf\u00fchrung von Untersuchungen nach gesetzlichen Vorschriften Hauptuntersuchung durch DEKRA und GT\u00fc, Sicherheitspr\u00fcfung, Untersuchungen nach UVV, Abgasuntersuchung. Organisation und technische Vorbereitung von DEKRA und GT\u00fc-Abnahmen, einschlie\u00dflich Sicherheitspr\u00fcfung durch zugelassene Sachverst\u00e4ndige<\/p>\n<p><strong>Vor Ort Service<\/strong><br \/>\ndurch Einsatz unseres mobilen Werkstattwagen ist bei Kundenwunsch ein Vor-Ort-Service jederzeit m\u00f6glich<\/p>\n<p><strong>Havarienotdienst<\/strong><br \/>\nAu\u00dferhalb der Gesch\u00e4ftszeiten sowie an Sonn- und Feiertagen ist stets einer unserer Mitarbeiter f\u00fcr notwendige Reparaturen erreichbar.<\/p>\n","protected":false},"excerpt":{"rendered":"<p>Serviceleistungen Wir sind f\u00fcr Sie da, wenn Sie uns brauchen! Reparaturservice Instandsetzung und Wartung von Nutzfahrzeugen, Landmaschinen, Kommunal- und Baumaschinen einschlie\u00dflich Hol- und Bringeservice. Schadensbezogene Instandsetzung von Anlassern, Lichtmaschinen und anderen elektrischen Baugruppen. Instandsetzungsarbeiten an station\u00e4ren und mobilen Anlagen wie Stromerzeuger und Kompressoren Ersatzteilbeschaffung Beschaffung von Originalersatzteilen, aber auch Alternativersatzteilen Hydraulikservice Instandsetzung von Hydraulikanlagen einschlie\u00dflich&hellip;&nbsp;<a href=\"https:\/\/fms-stassfurt.de\/?page_id=51\" rel=\"bookmark\">Weiterlesen &raquo;<span class=\"screen-reader-text\">Service<\/span><\/a><\/p>\n","protected":false},"author":1,"featured_media":0,"parent":0,"menu_order":0,"comment_status":"closed","ping_status":"closed","template":"","meta":{"neve_meta_sidebar":"","neve_meta_container":"","neve_meta_enable_content_width":"on","neve_meta_content_width":100,"neve_meta_title_alignment":"","neve_meta_author_avatar":"","neve_post_elements_order":"","neve_meta_disable_header":"","neve_meta_disable_footer":"","neve_meta_disable_title":"","footnotes":""},"class_list":["post-51","page","type-page","status-publish","hentry"],"_links":{"self":[{"href":"https:\/\/fms-stassfurt.de\/index.php?rest_route=\/wp\/v2\/pages\/51","targetHints":{"allow":["GET"]}}],"collection":[{"href":"https:\/\/fms-stassfurt.de\/index.php?rest_route=\/wp\/v2\/pages"}],"about":[{"href":"https:\/\/fms-stassfurt.de\/index.php?rest_route=\/wp\/v2\/types\/page"}],"author":[{"embeddable":true,"href":"https:\/\/fms-stassfurt.de\/index.php?rest_route=\/wp\/v2\/users\/1"}],"replies":[{"embeddable":true,"href":"https:\/\/fms-stassfurt.de\/index.php?rest_route=%2Fwp%2Fv2%2Fcomments&post=51"}],"version-history":[{"count":6,"href":"https:\/\/fms-stassfurt.de\/index.php?rest_route=\/wp\/v2\/pages\/51\/revisions"}],"predecessor-version":[{"id":560,"href":"https:\/\/fms-stassfurt.de\/index.php?rest_route=\/wp\/v2\/pages\/51\/revisions\/560"}],"wp:attachment":[{"href":"https:\/\/fms-stassfurt.de\/index.php?rest_route=%2Fwp%2Fv2%2Fmedia&parent=51"}],"curies":[{"name":"wp","href":"https:\/\/api.w.org\/{rel}","templated":true}]}}