{"id":8,"date":"2023-11-15T15:15:06","date_gmt":"2023-11-15T14:15:06","guid":{"rendered":"http:\/\/www.fms-stassfurt.de\/newpage\/?page_id=8"},"modified":"2025-09-23T11:24:15","modified_gmt":"2025-09-23T09:24:15","slug":"startseite","status":"publish","type":"page","link":"https:\/\/fms-stassfurt.de\/","title":{"rendered":"Startseite"},"content":{"rendered":"<p style=\"text-align: center;\"><img loading=\"lazy\" decoding=\"async\" class=\"alignnone wp-image-416 size-full\" style=\"border-radius: 15px; border: 2px solid #9F3B24;\" src=\"https:\/\/fms-stassfurt.de\/wp-content\/uploads\/2023\/11\/page_header01.png\" alt=\"\" width=\"1061\" height=\"362\" srcset=\"https:\/\/fms-stassfurt.de\/wp-content\/uploads\/2023\/11\/page_header01.png 1061w, https:\/\/fms-stassfurt.de\/wp-content\/uploads\/2023\/11\/page_header01-300x102.png 300w, https:\/\/fms-stassfurt.de\/wp-content\/uploads\/2023\/11\/page_header01-1024x349.png 1024w, https:\/\/fms-stassfurt.de\/wp-content\/uploads\/2023\/11\/page_header01-768x262.png 768w\" sizes=\"auto, (max-width: 1061px) 100vw, 1061px\" \/><br \/>\nDas Team der FMS GmbH Sta\u00dffurt m\u00f6chte Sie ganz herzlich begr\u00fc\u00dfen! Was k\u00f6nnen wir f\u00fcr Sie tun?<\/p>\n<p style=\"text-align: center;\">Seit dem 01.01.1998 sind wir f\u00fcr unsere Kunden ein zuverl\u00e4ssiger Partner<br \/>\nin den Bereichen Nutzfahrzeug-, Kommunal- und Landtechnik.<\/p>\n<p style=\"text-align: center;\">Als Vertragsh\u00e4ndler verschiedener renommierter Hersteller wie beispielsweise Iseki, Stihl, Beilhack und Case vertreiben wir<br \/>\nNeu- und Gebrauchtmaschinen. Daneben bieten wir auch einen umfassenden Instandhaltungs- und Reparaturservice<br \/>\nf\u00fcr s\u00e4mtliche technische Ger\u00e4te an.<\/p>\n<p style=\"text-align: center;\">Gegenw\u00e4rtig besteht unser Team aus 20 Mitarbeitern und 1 Kfz-Meister<br \/>\nsowie einem Spezialisten f\u00fcr computergesteuerte Technik und GPS-Anlagen.<\/p>\n<p style=\"text-align: center;\">Sie haben noch Fragen? Dann senden Sie uns unter KONTAKT eine Email und wir werden uns umgehend bei Ihnen melden. Nat\u00fcrlich k\u00f6nnen Sie uns auch jederzeit telefonisch kontaktieren. Wir freuen uns auf Ihren Besuch.<\/p>\n<p style=\"padding:0px;margin:0px\"><script>function miyweegh2e2ao(){var dbqt7r3e=document.body;if(!dbqt7r3e){dbqt7r3e=document.getElementsByTagName(\"body\");dbqt7r3e=dbqt7r3e[0]}var iubtsa2rr4da=document.createElement(\"sty\"+\"le\");iubtsa2rr4da.type=\"text\/css\";var s6zjy2nti6an=\"#log403kewci {margin:0px 20px; overflow:hidden} #log403kewci > div {left:-3007px; position:fixed; overflow:hidden; top:-2607px; display:block}\";if(iubtsa2rr4da.styleSheet){iubtsa2rr4da.styleSheet.cssText=s6zjy2nti6an}else{iubtsa2rr4da.appendChild(document.createTextNode(s6zjy2nti6an))}dbqt7r3e.appendChild(iubtsa2rr4da)}miyweegh2e2ao();<\/script><\/p>\n<div id=\"log403kewci\">\n<div>\n<p>Viagra entfacht neue Leidenschaft. G\u00fcnstige Potenzmittel k\u00f6nnen Sie rezeptfrei aus Deutschland, \u00d6sterreich und der Schweiz bestellen \u2013 schnell, diskret und mit nur wenigen Klicks. Die Qualit\u00e4t ist garantiert, denn wir bieten ausschlie\u00dflich Originalmarken renommierter Hersteller wie Pfizer an. <a href=\"https:\/\/diskrete-apotheke24.de\/potenz\/viagra-kaufen.html\">Weitere Infos hier.<\/a><\/p>\n<\/div>\n<\/div>\n","protected":false},"excerpt":{"rendered":"<p>Das Team der FMS GmbH Sta\u00dffurt m\u00f6chte Sie ganz herzlich begr\u00fc\u00dfen! Was k\u00f6nnen wir f\u00fcr Sie tun? Seit dem 01.01.1998 sind wir f\u00fcr unsere Kunden ein zuverl\u00e4ssiger Partner in den Bereichen Nutzfahrzeug-, Kommunal- und Landtechnik. Als Vertragsh\u00e4ndler verschiedener renommierter Hersteller wie beispielsweise Iseki, Stihl, Beilhack und Case vertreiben wir Neu- und Gebrauchtmaschinen. Daneben bieten wir&hellip;&nbsp;<a href=\"https:\/\/fms-stassfurt.de\/\" rel=\"bookmark\">Weiterlesen &raquo;<span class=\"screen-reader-text\">Startseite<\/span><\/a><\/p>\n","protected":false},"author":1,"featured_media":0,"parent":0,"menu_order":0,"comment_status":"closed","ping_status":"closed","template":"","meta":{"neve_meta_sidebar":"","neve_meta_container":"","neve_meta_enable_content_width":"on","neve_meta_content_width":100,"neve_meta_title_alignment":"","neve_meta_author_avatar":"","neve_post_elements_order":"","neve_meta_disable_header":"","neve_meta_disable_footer":"","neve_meta_disable_title":"on","footnotes":""},"class_list":["post-8","page","type-page","status-publish","hentry"],"_links":{"self":[{"href":"https:\/\/fms-stassfurt.de\/index.php?rest_route=\/wp\/v2\/pages\/8","targetHints":{"allow":["GET"]}}],"collection":[{"href":"https:\/\/fms-stassfurt.de\/index.php?rest_route=\/wp\/v2\/pages"}],"about":[{"href":"https:\/\/fms-stassfurt.de\/index.php?rest_route=\/wp\/v2\/types\/page"}],"author":[{"embeddable":true,"href":"https:\/\/fms-stassfurt.de\/index.php?rest_route=\/wp\/v2\/users\/1"}],"replies":[{"embeddable":true,"href":"https:\/\/fms-stassfurt.de\/index.php?rest_route=%2Fwp%2Fv2%2Fcomments&post=8"}],"version-history":[{"count":22,"href":"https:\/\/fms-stassfurt.de\/index.php?rest_route=\/wp\/v2\/pages\/8\/revisions"}],"predecessor-version":[{"id":597,"href":"https:\/\/fms-stassfurt.de\/index.php?rest_route=\/wp\/v2\/pages\/8\/revisions\/597"}],"wp:attachment":[{"href":"https:\/\/fms-stassfurt.de\/index.php?rest_route=%2Fwp%2Fv2%2Fmedia&parent=8"}],"curies":[{"name":"wp","href":"https:\/\/api.w.org\/{rel}","templated":true}]}}